{"id":10,"date":"2020-10-22T09:59:17","date_gmt":"2020-10-22T09:59:17","guid":{"rendered":"https:\/\/cerrajeroseixamplesantantonisants.com\/index.php\/home\/"},"modified":"2026-04-05T11:22:22","modified_gmt":"2026-04-05T11:22:22","slug":"home","status":"publish","type":"page","link":"https:\/\/cerrajeroseixamplesantantonisants.com\/","title":{"rendered":"Cerrajer\u00eda ESAS"},"content":{"rendered":"\n\n\n<div class=\"inherit-container-width wp-block-group alignfull has-ast-global-color-5-background-color has-background is-layout-constrained\"><div class=\"wp-block-group__inner-container\">\n<div class=\"wp-block-columns alignwide are-vertically-aligned-center is-layout-flex wp-container-5\">\n<div class=\"wp-block-column is-vertically-aligned-center is-layout-flow\">\n<h2 class=\"wp-block-heading\">Peritaje Judicial<\/h2>\n<\/div>\n\n\n\n<div class=\"wp-block-column is-vertically-aligned-center is-layout-flow\">\n<figure class=\"wp-block-gallery aligncenter has-nested-images columns-6 wp-block-gallery-2 is-layout-flex\">\n<figure class=\"wp-block-image size-full\"><img decoding=\"async\" loading=\"lazy\" width=\"275\" height=\"183\" src=\"https:\/\/cerrajeroseixamplesantantonisants.com\/wp-content\/uploads\/2022\/08\/peritaje.jpg\" alt=\"\" class=\"wp-image-979\"\/><\/figure>\n<\/figure>\n<\/div>\n<\/div>\n<\/div><\/div>\n\n\n\n<div class=\"inherit-container-width wp-block-group alignfull has-ast-global-color-5-background-color has-background is-layout-constrained\"><div class=\"wp-block-group__inner-container\">\n<p>En cerrajer\u00eda<strong> Esas l&#8217;eixample, sant antoni, sants<\/strong> trabajamos junto a nuestros clientes desde el 2007 cuando abrimos nuestras <strong>puertas <\/strong>por 1era vez a\u00fan que ya veniamos con experiencia de otro sitio. Estamos formados por los mejores y a\u00fan seguimos formandonos cada d\u00eda para estar actualizados a las nuevas tendencias. En cuanto a la<strong> seguridad<\/strong> de nuestros clientes nos lo tomamos muy enserio y estudiamos cada caso por separado para poder brindarle una mejor soluci\u00f3n. Trabajamos con todas las marcas de<strong> cerraduras<\/strong> y todos los modelos aunque alguno no los recomendamos y otros si. Siempre intrentamos dar la mejor informaci\u00f3n para que nuestros cleintes puedan entender bein como funciuona la seguridad y t\u00e1mbien que puedan saber como piensan los okupas y as\u00ed llegar m\u00e1s facil a un entendimiento para mejorar su seguridad.   Nuestra zona de trabajo son: <strong>l&#8217;eixample, sant antoni, sants<\/strong>. Para trabajajos fuera de zona consultarnos.<\/p>\n\n\n\n<p class=\"has-medium-font-size\"><strong>Tenemos servicios como: <\/strong><\/p>\n\n\n\n<ul>\n<li><strong>Apertura de puertas de domicilios.<\/strong><\/li>\n\n\n\n<li><strong>Apertura de puertas de locales.<\/strong><\/li>\n\n\n\n<li><strong>Apertura de coches.<\/strong><\/li>\n\n\n\n<li><strong>Apertura de persianas de locales.<\/strong><\/li>\n\n\n\n<li><strong>Apertura de cajas fuertes.<\/strong><\/li>\n\n\n\n<li><strong>Instalaci\u00f3n de cerraduras.<\/strong><\/li>\n\n\n\n<li><strong>Instalaci\u00f3n de cerraduras de alta seguridad con sistemas ( Anti bumping, Anti talado, Anti ladrones, Anti Rotura, Anti impresion, Anti ganzuas, Anti extracci\u00f3n.<\/strong><\/li>\n\n\n\n<li><strong>Puertas acorazadas.<\/strong><\/li>\n\n\n\n<li><strong>Puertas blindadas.<\/strong><\/li>\n\n\n\n<li><strong>Reparaci\u00f3n de persianas de local.<\/strong><\/li>\n\n\n\n<li><strong>Reparaci\u00f3n de persianas de hogar.<\/strong><\/li>\n<\/ul>\n<\/div><\/div>\n\n\n\n<div class=\"inherit-container-width wp-block-group alignfull has-ast-global-color-5-background-color has-background is-layout-constrained\"><div class=\"wp-block-group__inner-container\">\n<figure class=\"wp-block-gallery has-nested-images columns-default is-cropped wp-block-gallery-8 is-layout-flex\">\n<figure class=\"wp-block-image size-large\"><img decoding=\"async\" loading=\"lazy\" width=\"1024\" height=\"768\" src=\"https:\/\/cerrajeroseixamplesantantonisants.com\/wp-content\/uploads\/2022\/08\/caja-central-exiample-1024x768.jpg\" alt=\"\" class=\"wp-image-995\" srcset=\"https:\/\/cerrajeroseixamplesantantonisants.com\/wp-content\/uploads\/2022\/08\/caja-central-exiample-1024x768.jpg 1024w, https:\/\/cerrajeroseixamplesantantonisants.com\/wp-content\/uploads\/2022\/08\/caja-central-exiample-300x225.jpg 300w, https:\/\/cerrajeroseixamplesantantonisants.com\/wp-content\/uploads\/2022\/08\/caja-central-exiample-768x576.jpg 768w, https:\/\/cerrajeroseixamplesantantonisants.com\/wp-content\/uploads\/2022\/08\/caja-central-exiample-1536x1152.jpg 1536w, https:\/\/cerrajeroseixamplesantantonisants.com\/wp-content\/uploads\/2022\/08\/caja-central-exiample.jpg 1600w\" sizes=\"(max-width: 1024px) 100vw, 1024px\" \/><figcaption class=\"wp-element-caption\">Caja central de Gorjas<\/figcaption><\/figure>\n\n\n\n<figure class=\"wp-block-image size-large\"><img decoding=\"async\" loading=\"lazy\" width=\"768\" height=\"513\" src=\"https:\/\/cerrajeroseixamplesantantonisants.com\/wp-content\/uploads\/2022\/08\/cerrajero-eixample.webp\" alt=\"\" class=\"wp-image-994\" srcset=\"https:\/\/cerrajeroseixamplesantantonisants.com\/wp-content\/uploads\/2022\/08\/cerrajero-eixample.webp 768w, https:\/\/cerrajeroseixamplesantantonisants.com\/wp-content\/uploads\/2022\/08\/cerrajero-eixample-300x200.webp 300w\" sizes=\"(max-width: 768px) 100vw, 768px\" \/><figcaption class=\"wp-element-caption\">Apertura de Puerta<\/figcaption><\/figure>\n\n\n\n<figure class=\"wp-block-image size-large\"><img decoding=\"async\" loading=\"lazy\" width=\"400\" height=\"215\" src=\"https:\/\/cerrajeroseixamplesantantonisants.com\/wp-content\/uploads\/2022\/08\/bomb-cisa-eixample.jpg\" alt=\"\" class=\"wp-image-993\" srcset=\"https:\/\/cerrajeroseixamplesantantonisants.com\/wp-content\/uploads\/2022\/08\/bomb-cisa-eixample.jpg 400w, https:\/\/cerrajeroseixamplesantantonisants.com\/wp-content\/uploads\/2022\/08\/bomb-cisa-eixample-300x161.jpg 300w\" sizes=\"(max-width: 400px) 100vw, 400px\" \/><figcaption class=\"wp-element-caption\">Cilindro de alta seguridad Cisa<\/figcaption><\/figure>\n<\/figure>\n<\/div><\/div>\n\n\n\n<p class=\"has-medium-font-size\"><strong>Marcas de cerraduras:<\/strong> <\/p>\n\n\n\n<p>Tesa, Arcu, Moia, Azbe, Fichet, <a href=\"https:\/\/www.mottura.com\/es\/mottura-point\" title=\"Mottura\">Mottura<\/a>, Ucem, Abus,<a href=\"https:\/\/www.mul-t-lock.com\/fr\/fr\/products\" title=\" Multilock\"> Multilock<\/a>, Kaba, Inceca, Yale, Cisa, Soler, Azbe, Ifam, Dierre, Dorcas, Dorma, Casas, Sidese, Aga, Aumon, <a href=\"https:\/\/sagseguridad.com\/\" title=\"Sag\">Sag<\/a>, Sts, Iseo, Bilma, Lince, Wink Haus, Mcm, Dorcas, Inn, Orengo, Evva, Aga, Colomenca, Fac, Keso&#8230;. y muchisimas m\u00e1s<\/p>\n\n\n\n<figure class=\"wp-block-image size-full is-resized\"><img decoding=\"async\" loading=\"lazy\" src=\"https:\/\/cerrajeroseixamplesantantonisants.com\/wp-content\/uploads\/2022\/08\/llave-partida-eixample-1.jpg\" alt=\"\" class=\"wp-image-1007\" width=\"626\" height=\"417\" srcset=\"https:\/\/cerrajeroseixamplesantantonisants.com\/wp-content\/uploads\/2022\/08\/llave-partida-eixample-1.jpg 626w, https:\/\/cerrajeroseixamplesantantonisants.com\/wp-content\/uploads\/2022\/08\/llave-partida-eixample-1-300x200.jpg 300w\" sizes=\"(max-width: 626px) 100vw, 626px\" \/><figcaption class=\"wp-element-caption\"><strong>Llave partida en la cerrdura? No se preocupe en la mayoria de casos se puede extraer y recuperar la funcionalidad del cilindro (bombin) o cerradura. <\/strong><\/figcaption><\/figure>\n\n\n\n<figure class=\"wp-block-image size-full\"><img decoding=\"async\" loading=\"lazy\" width=\"500\" height=\"353\" src=\"https:\/\/cerrajeroseixamplesantantonisants.com\/wp-content\/uploads\/2022\/08\/llave-gorja-eixample-1.jpg\" alt=\"\" class=\"wp-image-1009\" srcset=\"https:\/\/cerrajeroseixamplesantantonisants.com\/wp-content\/uploads\/2022\/08\/llave-gorja-eixample-1.jpg 500w, https:\/\/cerrajeroseixamplesantantonisants.com\/wp-content\/uploads\/2022\/08\/llave-gorja-eixample-1-300x212.jpg 300w\" sizes=\"(max-width: 500px) 100vw, 500px\" \/><figcaption class=\"wp-element-caption\"><strong>Usted tiene una llave as\u00ed en su casa? Pues tenga cuidado ya que los ladrones est\u00e1n muy bien preparados y tienen una llave mastra que abre con mucha facilidad este tipo de cerradura en cuesti\u00f3n de segundos , sin dejar marcas, sin romper nada. <\/strong><\/figcaption><\/figure>\n\n\n\n<figure class=\"wp-block-image size-full\"><img decoding=\"async\" loading=\"lazy\" width=\"768\" height=\"768\" src=\"https:\/\/cerrajeroseixamplesantantonisants.com\/wp-content\/uploads\/2022\/08\/llave-inn-eixample-1.jpg\" alt=\"\" class=\"wp-image-1010\" srcset=\"https:\/\/cerrajeroseixamplesantantonisants.com\/wp-content\/uploads\/2022\/08\/llave-inn-eixample-1.jpg 768w, https:\/\/cerrajeroseixamplesantantonisants.com\/wp-content\/uploads\/2022\/08\/llave-inn-eixample-1-300x300.jpg 300w, https:\/\/cerrajeroseixamplesantantonisants.com\/wp-content\/uploads\/2022\/08\/llave-inn-eixample-1-150x150.jpg 150w\" sizes=\"(max-width: 768px) 100vw, 768px\" \/><figcaption class=\"wp-element-caption\"><strong>Preoteja su hogar con sistemas de alta seguridad. <\/strong><\/figcaption><\/figure>\n\n\n\n<div class=\"inherit-container-width wp-block-group alignfull has-ast-global-color-4-background-color has-background is-layout-constrained\"><div class=\"wp-block-group__inner-container\">\n<div class=\"wp-block-columns are-vertically-aligned-center is-layout-flex wp-container-13\">\n<div class=\"wp-block-column is-vertically-aligned-center is-layout-flow\">\n<h2 class=\"wp-block-heading\">Nuestros clientes nos avalan<\/h2>\n<\/div>\n\n\n\n<div class=\"wp-block-column is-vertically-aligned-center is-layout-flow\">\n<h2 class=\"wp-block-heading has-text-align-center\">5<\/h2>\n\n\n\n<figure class=\"wp-block-image aligncenter size-large\"><img decoding=\"async\" loading=\"lazy\" width=\"105\" height=\"19\" src=\"https:\/\/cerrajeroseixamplesantantonisants.com\/wp-content\/uploads\/2020\/10\/5stars-free-img.png\" alt=\"\" class=\"wp-image-798\"\/><\/figure>\n\n\n\n<h6 class=\"wp-block-heading has-text-align-center\">Google Rese\u00f1as<\/h6>\n\n\n\n<h6 class=\"wp-block-heading has-text-align-center\"><\/h6>\n<\/div>\n<\/div>\n\n\n\n<p><\/p>\n\n\n\n<div class=\"wp-block-columns is-layout-flex wp-container-18\">\n<div class=\"wp-block-column is-layout-flow\">\n<div class=\"inherit-container-width wp-block-group has-ast-global-color-5-background-color has-background is-layout-constrained\"><div class=\"wp-block-group__inner-container\">\n<figure class=\"wp-block-image size-large is-style-rounded\"><img decoding=\"async\" loading=\"lazy\" width=\"80\" height=\"80\" src=\"https:\/\/cerrajeroseixamplesantantonisants.com\/wp-content\/uploads\/2020\/10\/online-programming-course-review-01.jpg\" alt=\"\" class=\"wp-image-562\"\/><\/figure>\n\n\n\n<p>&#8220;Gracias por la amabilidad ante todo, seguidamente agradecer la rapidez y la profesionalidad del t\u00e9cnico que acudi\u00f3 a mi domicilio&#8221;<\/p>\n\n\n\n<p><strong>Laura Rey<\/strong><\/p>\n\n\n\n<figure class=\"wp-block-image size-large\"><img decoding=\"async\" loading=\"lazy\" width=\"105\" height=\"19\" src=\"https:\/\/cerrajeroseixamplesantantonisants.com\/wp-content\/uploads\/2020\/10\/5stars-free-img.png\" alt=\"\" class=\"wp-image-798\"\/><\/figure>\n<\/div><\/div>\n<\/div>\n\n\n\n<div class=\"wp-block-column is-layout-flow\">\n<div class=\"inherit-container-width wp-block-group has-ast-global-color-5-background-color has-background is-layout-constrained\"><div class=\"wp-block-group__inner-container\">\n<figure class=\"wp-block-image size-large is-style-rounded\"><img decoding=\"async\" loading=\"lazy\" width=\"80\" height=\"80\" src=\"https:\/\/cerrajeroseixamplesantantonisants.com\/wp-content\/uploads\/2020\/10\/online-programming-course-review-02.jpg\" alt=\"\" class=\"wp-image-563\"\/><\/figure>\n\n\n\n<p>\u201cFant\u00e1stico trabajo de los operarios de vuestra empresa , quedo la vedad mejor de lo esperado, la cerradura que a\u00f1adieron parece que venga de la fabrica ya montada (una pasada).\u201d<\/p>\n\n\n\n<p><strong>Leonardo Diaz<\/strong><\/p>\n\n\n\n<figure class=\"wp-block-image size-large\"><img decoding=\"async\" loading=\"lazy\" width=\"105\" height=\"19\" src=\"https:\/\/cerrajeroseixamplesantantonisants.com\/wp-content\/uploads\/2020\/10\/5stars-free-img.png\" alt=\"\" class=\"wp-image-798\"\/><\/figure>\n<\/div><\/div>\n<\/div>\n<\/div>\n\n\n\n<div class=\"wp-block-columns is-layout-flex wp-container-23\">\n<div class=\"wp-block-column is-layout-flow\">\n<div class=\"inherit-container-width wp-block-group has-ast-global-color-5-background-color has-background is-layout-constrained\"><div class=\"wp-block-group__inner-container\">\n<figure class=\"wp-block-image size-large is-style-rounded\"><img decoding=\"async\" loading=\"lazy\" width=\"80\" height=\"80\" src=\"https:\/\/cerrajeroseixamplesantantonisants.com\/wp-content\/uploads\/2020\/10\/online-programming-course-review-03.jpg\" alt=\"\" class=\"wp-image-564\"\/><\/figure>\n\n\n\n<p>\u201cMe a gustado mucho el trato que nos dieron y sobre todo a mis jefes, la verdad no sab\u00edamos a quien llamar pero ya vero que se puede contar con vosotros.\u201d<\/p>\n\n\n\n<p><strong>Manuel Casta\u00f1on<\/strong><\/p>\n\n\n\n<figure class=\"wp-block-image size-large\"><img decoding=\"async\" loading=\"lazy\" width=\"105\" height=\"19\" src=\"https:\/\/cerrajeroseixamplesantantonisants.com\/wp-content\/uploads\/2020\/10\/5stars-free-img.png\" alt=\"\" class=\"wp-image-798\"\/><\/figure>\n<\/div><\/div>\n<\/div>\n\n\n\n<div class=\"wp-block-column is-layout-flow\">\n<div class=\"inherit-container-width wp-block-group has-ast-global-color-5-background-color has-background is-layout-constrained\"><div class=\"wp-block-group__inner-container\">\n<figure class=\"wp-block-image size-large is-style-rounded\"><img decoding=\"async\" loading=\"lazy\" width=\"80\" height=\"80\" src=\"https:\/\/cerrajeroseixamplesantantonisants.com\/wp-content\/uploads\/2020\/10\/online-programming-course-review-04.jpg\" alt=\"\" class=\"wp-image-565\"\/><\/figure>\n\n\n\n<p>\u201cCerradura nueva por fin, llevaba mucho tiempo buscando algo de alta seguridad que me de tranquilidad y me de mucho m\u00e1s seguridad y as\u00ed poder viajar tranquilo, gracias por el trabajo\u201d<\/p>\n\n\n\n<p><strong>Mikel Briculle<\/strong><\/p>\n\n\n\n<figure class=\"wp-block-image size-large\"><img decoding=\"async\" loading=\"lazy\" width=\"105\" height=\"19\" src=\"https:\/\/cerrajeroseixamplesantantonisants.com\/wp-content\/uploads\/2020\/10\/5stars-free-img.png\" alt=\"\" class=\"wp-image-798\"\/><\/figure>\n<\/div><\/div>\n<\/div>\n<\/div>\n<\/div><\/div>\n\n\n\n<div class=\"inherit-container-width wp-block-group alignfull has-ast-global-color-5-background-color has-background is-layout-constrained\"><div class=\"wp-block-group__inner-container\"><\/div><\/div>\n","protected":false},"excerpt":{"rendered":"<p>Peritaje Judicial En cerrajer\u00eda Esas l&#8217;eixample, sant antoni, sants trabajamos junto a nuestros clientes desde el 2007 cuando abrimos nuestras puertas por 1era vez a\u00fan que ya veniamos con experiencia de otro sitio. Estamos formados por los mejores y a\u00fan seguimos formandonos cada d\u00eda para estar actualizados a las nuevas tendencias. En cuanto a la &hellip;<\/p>\n<p class=\"read-more\"> <a class=\"\" href=\"https:\/\/cerrajeroseixamplesantantonisants.com\/\"> <span class=\"screen-reader-text\">Cerrajer\u00eda ESAS<\/span> Read More &raquo;<\/a><\/p>\n","protected":false},"author":1,"featured_media":0,"parent":0,"menu_order":0,"comment_status":"closed","ping_status":"closed","template":"","meta":{"om_disable_all_campaigns":false,"_monsterinsights_skip_tracking":false,"_monsterinsights_sitenote_active":false,"_monsterinsights_sitenote_note":"","_monsterinsights_sitenote_category":0,"site-sidebar-layout":"no-sidebar","site-content-layout":"plain-container","ast-global-header-display":"","ast-main-header-display":"","ast-hfb-above-header-display":"","ast-hfb-below-header-display":"","ast-hfb-mobile-header-display":"","site-post-title":"disabled","ast-breadcrumbs-content":"","ast-featured-img":"disabled","footer-sml-layout":"","theme-transparent-header-meta":"enabled","adv-header-id-meta":"","stick-header-meta":"","header-above-stick-meta":"","header-main-stick-meta":"","header-below-stick-meta":""},"aioseo_notices":[],"_links":{"self":[{"href":"https:\/\/cerrajeroseixamplesantantonisants.com\/index.php\/wp-json\/wp\/v2\/pages\/10"}],"collection":[{"href":"https:\/\/cerrajeroseixamplesantantonisants.com\/index.php\/wp-json\/wp\/v2\/pages"}],"about":[{"href":"https:\/\/cerrajeroseixamplesantantonisants.com\/index.php\/wp-json\/wp\/v2\/types\/page"}],"author":[{"embeddable":true,"href":"https:\/\/cerrajeroseixamplesantantonisants.com\/index.php\/wp-json\/wp\/v2\/users\/1"}],"replies":[{"embeddable":true,"href":"https:\/\/cerrajeroseixamplesantantonisants.com\/index.php\/wp-json\/wp\/v2\/comments?post=10"}],"version-history":[{"count":19,"href":"https:\/\/cerrajeroseixamplesantantonisants.com\/index.php\/wp-json\/wp\/v2\/pages\/10\/revisions"}],"predecessor-version":[{"id":1027,"href":"https:\/\/cerrajeroseixamplesantantonisants.com\/index.php\/wp-json\/wp\/v2\/pages\/10\/revisions\/1027"}],"wp:attachment":[{"href":"https:\/\/cerrajeroseixamplesantantonisants.com\/index.php\/wp-json\/wp\/v2\/media?parent=10"}],"curies":[{"name":"wp","href":"https:\/\/api.w.org\/{rel}","templated":true}]}}